{"id":595,"date":"2021-09-12T12:36:26","date_gmt":"2021-09-12T11:36:26","guid":{"rendered":"https:\/\/blog.icwt.hu\/ctl-paris\/?page_id=595"},"modified":"2023-11-20T16:38:53","modified_gmt":"2023-11-20T15:38:53","slug":"qeq","status":"publish","type":"page","link":"https:\/\/blog.icwt.hu\/ctl-paris\/remarques\/qeq\/","title":{"rendered":"Qui est Qui"},"content":{"rendered":"<blockquote><p>Mivel bazi sokan vagyunk P\u00e1rizsban &#8211; ahol persze nincsenek Elcser\u00e9ltek &#8211; n\u00e9ha baromi neh\u00e9z eligazodni azon, hogy melyik arc milyen, meg kinek a kicsod\u00e1ja. Magamnak szedtem \u00f6ssze, az \u00e9n v\u00e9lem\u00e9nyem, de nyugodtan eg\u00e9sz\u00edts\u00e9tek ki meg \u00edrjatok hozz\u00e1 ak\u00e1rmit. \u00c9rtelmeset.<br \/>\n<cite>\u2013 <strong>Gris<\/strong><\/cite><\/p><\/blockquote>\n<h2>Helyi h\u00fcly\u00e9k<\/h2>\n<h3>Fous de Saint-Denis<\/h3>\n<ul>\n<li><strong>Anubis \/ G\u00e9rard<\/strong> \u2013 Anubis. Switch. Nem a v\u0151leg\u00e9nyem.<\/li>\n<li><strong>Arnaud \/ Michel<\/strong> \u2013 Olt\u00e1rszobor. Extro.<\/li>\n<li><strong>Bagheera \/ Abira<\/strong> \u2013 Feketep\u00e1rduc. Intro.<\/li>\n<li><strong>Bavarde \/ Barbara<\/strong> \u2013 Dum\u00e1s. Extro.<\/li>\n<li><strong>Franky \/ Fran\u00e7oise<\/strong> \u2013 V\u00edzk\u00f6p\u0151. Intro.<\/li>\n<li><strong>Gris \/ Catherine (1)<\/strong>\u00a0\u2013 UFO. Switch. Sz\u00f3ra sem \u00e9rdemes \ud83d\ude09<\/li>\n<li><strong>Jasmin \/ Jasmine<\/strong> \u2013 G\u00f3t. Intro. Myrtle h\u00faga. Alkony Udvar.<\/li>\n<\/ul>\n<h3>Fous de Paris<\/h3>\n<ul>\n<li><strong>Adulte \/ Charles (1)<\/strong> \u2013 Z\u00f6ld-troll. Extro. Anne-Marie pasija. Holland.<\/li>\n<li><strong>Banshee \/ Christine<\/strong> \u2013 G\u00f3t zombi. Intro. Patrick n\u0151v\u00e9re. Jean-Jacques bar\u00e1tn\u0151je.<\/li>\n<li><strong>Belge \/ Charles (2)<\/strong>\u00a0\u2013 Alakv\u00e1lt\u00f3. Switch.<\/li>\n<li><strong>BlackJack \/ Jacques<\/strong> \u2013 Bokorhaj. Switch.<\/li>\n<li><strong>Cerebro \/ Sebastien<\/strong> \u2013 Nagyagy. Intro. Potenci\u00e1lis elmebeteg, t\u00f6meggyilkos.<\/li>\n<li><strong>Chef \/ Andr\u00e9<\/strong> \u2013 Ez\u00fcstr\u00f3ka. Intro. H\u0171v\u00f6s, katon\u00e1s, sz\u0171kszav\u00fa, korrekt. Camille f\u00e9rje. M\u00fal\u00f3 Id\u0151 Udvar.<\/li>\n<li><strong>Chinois \/ Lee Yu<\/strong> \u2013 Narancs-troll. Extro. K\u00f6zvetlen, bar\u00e1ts\u00e1gos, el\u0151z\u00e9keny. N\u00e9mi visszafogott szociop\u00e1tia vagy szoci\u00e1lis autizmus (van olyan?) felfedezhet\u0151. Essa ex-f\u00e9rje.<\/li>\n<li><strong>Crockett \/ Oscar<\/strong> \u2013 Szurtos. Switch. Szem\u00e9lyesen z\u00e1rk\u00f3zott, mogorva \u00e9s hallgatag, ha szerel\u00e9sr\u0151l \u00e9s g\u00e9pekr\u0151l van sz\u00f3, akkor vid\u00e1m \u00e9s besz\u00e9desebb. M\u00fal\u00f3 Id\u0151 Udvar.<\/li>\n<li><strong>Dentiste \/ Damien<\/strong> \u2013 Doki. Extro.<\/li>\n<li><strong>D\u00e9calogue \/ Jerome<\/strong> \u2013 Hegyiember. Switch. Bazinagy kutyabar\u00e1t. Alapesetben csendes, hallgatag, kiv\u00e9ve amikor dolgozik, hozza a sztenderd csapos k\u00f6zvetlens\u00e9get. Meg amikor kuty\u00e1kr\u00f3l van sz\u00f3.<\/li>\n<li><strong>Dissecteur \/ Nicolas<\/strong> \u2013 R\u00e1kember. Intro. Celine apja.<\/li>\n<li><strong>Dixie \/ Michael<\/strong> \u2013 Bronzember. Extro. Hangos, kezdem\u00e9nyez\u0151, \u00e1tgondolatlan, impro. Sophie f\u00e9rje, v\u00e1l\u00f3f\u00e9lben. Anne-Marie b\u00e1tyja.<\/li>\n<li><strong>Essa \/ Catherine (2)<\/strong> \u2013 Orchidea. Extro.<\/li>\n<li><strong>Grande QT \/ Arnaud<\/strong> \u2013 Ork. Intro.<\/li>\n<li><strong>Guillotine \/ Ludovic<\/strong> \u2013 Bagolyember. Extro. Nem bunk\u00f3 m\u00f3don, de egy\u00e9rtelm\u0171en sznob. Nem leereszked\u0151, de len\u00e9z\u0151.<\/li>\n<li><strong>Minuit \/ Camille<\/strong> \u2013 Gonoszmostoha. Extro. Andr\u00e9 feles\u00e9ge. M\u00fal\u00f3 Id\u0151 Udvar.<\/li>\n<li><strong>Myrtus \/ Myrtle<\/strong> \u2013 BFF. Extro. Jasmine n\u0151v\u00e9re. Hajnal Udvar &#8211; Uralkod\u00f3. (Lyon)<\/li>\n<li><strong>Nantes \/ Virginie<\/strong> \u2013 Creepy. Intro. David h\u00faga. Potenci\u00e1lis pirom\u00e1n picsa.<\/li>\n<li><strong>Ongul\u00e9 \/ Gabriel<\/strong> \u2013 Pat\u00e1s. Extro.<\/li>\n<li><strong>OZ \/ David<\/strong> \u2013 Legolas. Passz. Van benne valami irrit\u00e1l\u00f3, az a pszichoterapeut\u00e1s szem\u00e9lytelen mosoly \u00e9s alaptalan kedvess\u00e9g, ami nem is neked sz\u00f3l, hanem szakmai \u00e1rtalom. \u00c1tn\u00e9z a fejeden, mik\u00f6zben besz\u00e9lsz vele. Virginie b\u00e1tyja. Potenci\u00e1lis gy\u00e1szol\u00f3 sorozatgyilkos.<\/li>\n<li><strong>Petit QT \/ Celine<\/strong> \u2013 Marionett. Extro. Nicolas l\u00e1nya. Patrick bar\u00e1tn\u0151je.<\/li>\n<li><strong>Piramide \/ Anne<\/strong> \u2013 Zombi. Intro. Baromira kagyl\u00f3, sz\u00f3ra b\u00edrni is neh\u00e9z, am\u00fagy kedves, halkszav\u00fa. Kiv\u00e9ve, amikor elgurul a gy\u00f3gyszere.<\/li>\n<li><strong>Poli \/ Patrick<\/strong> \u2013 Ac\u00e9lember. Intro. Christine \u00f6ccse. Celine pasija.<\/li>\n<li><strong>Saint \/ Marie<\/strong> \u2013 Pengek\u00e9z. Intro.<\/li>\n<li><strong>Sauge \/ Sophie<\/strong> \u2013 Puman\u0151. Switch. Katon\u00e1san vakkantgat\u00f3 vez\u00e9rszuka, mindenr\u0151l \u00e9s mindenkir\u0151l van v\u00e9lem\u00e9nye \u00e9s ki is mondja. Mag\u00e1n\u00fcgyekre er\u0151sen z\u00e1r. Antiszoc. Dixie feles\u00e9ge, v\u00e1l\u00f3f\u00e9lben.<\/li>\n<li><strong>Suie \/ Anne-Marie<\/strong> \u2013 Par\u00e1zshaj. Extro. Michael h\u00faga. Charles (A) bar\u00e1tn\u0151je.<\/li>\n<li><strong>Taupe \/ Julien<\/strong> \u2013 Vakond. Intro.<\/li>\n<li><strong>Trixie \/ St\u00e9phanie<\/strong> \u2013 Vill\u00e1mhaj. Switch. Bar\u00e1ts\u00e1gos, \u00fczleti dolgokban szigor\u00fa \u00e9s pontos, szem\u00e9lyesekben sz\u00e9tsz\u00f3rt. M\u00fal\u00f3 Id\u0151 Udvar.<\/li>\n<li><strong>Vaud\u00e8re \/ Jeanne<\/strong> \u2013 Mogorva. Intro.<\/li>\n<li><strong>Vautour \/ Jean-Jacques<\/strong> \u2013 Kesely\u0171. Intro. Christine pasija.<\/li>\n<li><strong>Xerox \/ Severine<\/strong> \u2013 Man\u00f3. Extro. Tot\u00e1lisan sz\u00e9tsz\u00f3rt, t\u00falmozg\u00e1sos, figyelemzavaros csaj a felsz\u00ednen, egy\u00e9bk\u00e9nt ijeszt\u0151en sok sz\u00e1lon fut\u00f3 aggyal. Val\u00f3sz\u00edn\u0171leg er\u0151sen r\u00e1j\u00e1tszik. Szoci\u00e1lis alkat. Bi. Ny\u00edlt kapcsolatban BlackJack-kel \u00e9s ha j\u00f3l hallottam, Essa-val is?<\/li>\n<\/ul>\n<h2>Vid\u00e9ki h\u00fcly\u00e9k<\/h2>\n<h3>Caen<\/h3>\n<ul>\n<li><strong>Bernadette<\/strong> \u2013 V\u00e9kony, feh\u00e9r-feh\u00e9r b\u0151r\u0171, elef\u00e1ntfej\u0171 n\u0151. Bar\u00e1ts\u00e1gosnak t\u0171nt.<\/li>\n<li><strong>Gregory<\/strong> \u2013 Sz\u00fcrke gyapjas-szak\u00e1llas, kecskel\u00e1b\u00fa p\u00e1n pasas. Nem t\u0171nt bar\u00e1ts\u00e1gosnak.<\/li>\n<\/ul>\n<h3>Nantes<\/h3>\n<h4>\u00c1rap\u00e1ly Udvar<\/h4>\n<ul>\n<li><strong>Christophe<\/strong>\u00a0\u2013 Sz\u00fcrke pala-element\u00e1l. Baromarc\u00fa. Barbara nem-bar\u00e1tja.<\/li>\n<li><strong>Cuivre \/ David<\/strong> \u2013 R\u00e9zfog\u00fa, kopasz ver\u0151ember. Csavarboltos. Barbara ismer\u0151se.<\/li>\n<li><strong>Julie<\/strong> \u2013 \u00d6sszevarrt l\u00e1ny. Roban\u00f3anyag m\u00e1ni\u00e1s. Barbara ismer\u0151se.<\/li>\n<li><strong>Katja<\/strong> \u2013 Magas, f\u00e9l-polip cs\u00e1pos fekete n\u0151.<\/li>\n<li><strong>Kristen<\/strong> \u2013 UV-g\u00f3t elf csaj. Christophe nem-test\u0151re.<\/li>\n<\/ul>\n<h3>N\u00eemes<\/h3>\n<ul>\n<li><strong>Arlette<\/strong> \u2013 V\u00e9kony, fekete pikkelyes b\u0151r\u0171 kobragall\u00e9ros csaj. Bar\u00e1ts\u00e1gosnak t\u0171nt.<\/li>\n<li><strong>Yves<\/strong> \u2013 Feh\u00e9r gyapjas-szak\u00e1llas, kecske faszi. Nem t\u0171nt bar\u00e1ts\u00e1gosnak.<\/li>\n<li><em> Ez ilyen kecske-dolog lehet. Pat\u00e1s sem a Rend PR oszt\u00e1ly\u00e1n van.<\/em><\/li>\n<\/ul>\n<h3>Orl\u00e9ans<\/h3>\n<h4>Borosty\u00e1n Udvar<\/h4>\n<ul>\n<li><strong>C\u00e9cile<\/strong> \u2013 ??? Switch. Noella n\u0151v\u00e9re. Borosty\u00e1n Lovag. Gris ismer\u0151se.<\/li>\n<li><strong>Ce-soir \/ Laura<\/strong> \u2013 ??? Extro. Noella n\u00e9nik\u00e9je. Gris ismer\u0151se.<\/li>\n<li><strong>Miel \/ Marie<\/strong> \u2013 ??? Intro. Noella anyuk\u00e1ja. Borosty\u00e1n Uralkod\u00f3. Gris ismer\u0151se.<\/li>\n<li><strong>Mirela \/ Meril<\/strong> \u2013 Rongybaba. Switch.<\/li>\n<\/ul>\n<h4>Rubin Udvar<\/h4>\n<ul>\n<li><strong>Nayla<\/strong> \u2013 M\u00e1rv\u00e1ny-manga. Intro. Rubin Lovag.<\/li>\n<\/ul>\n<h4>Smaragd Udvar<\/h4>\n<ul>\n<li><strong>Barr\u00e9 \/ Bernard<\/strong> \u2013 Viking barb\u00e1r. Extro.<\/li>\n<li><strong>Bulle \/ Noella<\/strong> \u2013 Grunge-man\u00f3. Switch. Gris iskolat\u00e1rsa, bar\u00e1tja.<\/li>\n<li><strong>Charo \/ Michel<\/strong> \u2013 Latin dzsigol\u00f3. Extro.<\/li>\n<li><strong>Chienchien \/ Monique<\/strong> \u2013 Sp\u00e1niel. Extro.<\/li>\n<li><strong>Chouette \/ Marie<\/strong> \u2013 Bagoly. Intro.<\/li>\n<li><strong>Frangine \/ Fran\u00e7oise<\/strong> \u2013 Pingvin. Extro.<\/li>\n<li><strong>Janie \/ Juliet<\/strong> \u2013 Sell\u0151-kigy\u00f3. Switch. Smaragd Lovag.<\/li>\n<li><strong>Lis \/ Lilian<\/strong> \u2013 Mos\u00f3medve. Extro. Smaragd H\u00edrviv\u0151. Noella n\u00e9nik\u00e9je. Gris ismer\u0151se.<\/li>\n<li><strong>P\u00e2querette \/ Avril<\/strong> \u2013 Higanyarc\u00fa alakv\u00e1lt\u00f3. Extro.<\/li>\n<li><strong>Rousse \/ Angelique<\/strong> \u2013 D\u00e9moncsaj. Intro.<\/li>\n<li><strong>Vacher \/ Henri<\/strong> \u2013 Cowboy. Switch.<\/li>\n<\/ul>\n<h4>Zaf\u00edr Udvar<\/h4>\n<ul>\n<li><strong>Voix \/ Paris<\/strong> \u2013 K\u00e9k s\u00e1rk\u00e1ny. Intro. Zaf\u00edr Uralkod\u00f3.<\/li>\n<\/ul>\n<h3>Egy\u00e9b<\/h3>\n<ul>\n<li><strong>Agent Sterling \/ Oph\u00e9lie<\/strong> \u2013 Macska. Extro. <em>Douane<\/em> szupertitkos\u00fcgyn\u00f6k. (Rouen)<\/li>\n<li><strong>C\u00e9dric<\/strong> \u2013 V\u00f6r\u00f6s homok-element\u00e1l. Kiss\u00e9 esetlen, de kedves. (Tours)<\/li>\n<li><strong>Double-J \/ Jean-Jacques<\/strong> \u2013 ??? Extro. Noella apuk\u00e1ja. Gris ismer\u0151se. (???)<\/li>\n<li><strong>JT \/ Jean-Thierry<\/strong> \u2013 F\u00e1zis-eltol\u00f3d\u00e1s. Extro. Csemp\u00e9sz-gengeszter-ak\u00e1rmi. (Le Havre)<\/li>\n<li><strong>S\u00e9raphin \/ Ashraf<\/strong> \u2013 L\u00e1va. Intro. DGSE \u00fcgyn\u00f6k. (&#8222;Saint-Denis&#8221;)<\/li>\n<\/ul>\n<h2>Helyi Freak Show<\/h2>\n<ul>\n<li><strong>3Bit \/ Tabitha<\/strong> \u2013 DST \u00fcgyn\u00f6k. Extro. Hal\u00e1l-pap.<\/li>\n<li><strong>Egon \/ Guillaume Michel<\/strong> \u2013 Illeg\u00e1lis doki. Intro. Hal\u00e1l-pap.<\/li>\n<li><strong>Holmes \/ Henri<\/strong> \u2013 Rend\u0151rnyomoz\u00f3 (?). DLSH \u00fcgyn\u00f6k. Extro. Hal\u00e1l-pap.<\/li>\n<\/ul>\n","protected":false},"excerpt":{"rendered":"<p>Mivel bazi sokan vagyunk P\u00e1rizsban &#8211; ahol persze nincsenek Elcser\u00e9ltek &#8211; n\u00e9ha baromi neh\u00e9z eligazodni azon, hogy melyik arc milyen, meg kinek a kicsod\u00e1ja. Magamnak szedtem \u00f6ssze, az \u00e9n v\u00e9lem\u00e9nyem, de nyugodtan eg\u00e9sz\u00edts\u00e9tek ki meg \u00edrjatok hozz\u00e1 ak\u00e1rmit. \u00c9rtelmeset. \u2013 Gris Helyi h\u00fcly\u00e9k Fous de Saint-Denis Anubis \/ G\u00e9rard \u2013 Anubis. Switch. Nem a v\u0151leg\u00e9nyem. [&hellip;]<\/p>\n","protected":false},"author":2,"featured_media":0,"parent":588,"menu_order":0,"comment_status":"closed","ping_status":"closed","template":"","meta":{"footnotes":""},"class_list":["post-595","page","type-page","status-publish","hentry"],"_links":{"self":[{"href":"https:\/\/blog.icwt.hu\/ctl-paris\/wp-json\/wp\/v2\/pages\/595","targetHints":{"allow":["GET"]}}],"collection":[{"href":"https:\/\/blog.icwt.hu\/ctl-paris\/wp-json\/wp\/v2\/pages"}],"about":[{"href":"https:\/\/blog.icwt.hu\/ctl-paris\/wp-json\/wp\/v2\/types\/page"}],"author":[{"embeddable":true,"href":"https:\/\/blog.icwt.hu\/ctl-paris\/wp-json\/wp\/v2\/users\/2"}],"replies":[{"embeddable":true,"href":"https:\/\/blog.icwt.hu\/ctl-paris\/wp-json\/wp\/v2\/comments?post=595"}],"version-history":[{"count":0,"href":"https:\/\/blog.icwt.hu\/ctl-paris\/wp-json\/wp\/v2\/pages\/595\/revisions"}],"up":[{"embeddable":true,"href":"https:\/\/blog.icwt.hu\/ctl-paris\/wp-json\/wp\/v2\/pages\/588"}],"wp:attachment":[{"href":"https:\/\/blog.icwt.hu\/ctl-paris\/wp-json\/wp\/v2\/media?parent=595"}],"curies":[{"name":"wp","href":"https:\/\/api.w.org\/{rel}","templated":true}]}}