{"id":588,"date":"2021-06-01T11:34:05","date_gmt":"2021-06-01T10:34:05","guid":{"rendered":"https:\/\/blog.icwt.hu\/ctl-paris\/?page_id=588"},"modified":"2023-11-20T16:38:53","modified_gmt":"2023-11-20T15:38:53","slug":"remarques","status":"publish","type":"page","link":"https:\/\/blog.icwt.hu\/ctl-paris\/remarques\/","title":{"rendered":"Notes"},"content":{"rendered":"<ul>\n<li><a href=\"https:\/\/blog.icwt.hu\/ctl-paris\/remarques\/classement\/\"><strong>Classement<\/strong><\/a> \u2013 a m\u00e9lyen tisztelt vezet\u0151s\u00e9g<\/li>\n<li><a href=\"https:\/\/blog.icwt.hu\/ctl-paris\/remarques\/maison\/\"><strong>La douceur du foyer<\/strong><\/a> \u2013 otthon, \u00e9des otthon<\/li>\n<li><strong>Le D\u00e9rangement<\/strong> \u2013 amit a Rendr\u0151l tudni kell(ett volna)<\/li>\n<li><strong>Lieux d&#8217;Int\u00e9r\u00eat<\/strong> \u2013 helyek<\/li>\n<li><strong>Notre Genre<\/strong> \u2013 olyanok, mint mi<\/li>\n<li><strong>Personnes d&#8217;Int\u00e9r\u00eat<\/strong> \u2013 az egyszer\u0171s\u00e9g kedv\u00e9\u00e9rt &#8222;emberek&#8221;<\/li>\n<li><a href=\"https:\/\/blog.icwt.hu\/ctl-paris\/remarques\/qeq\/\"><strong>Qui est Qui<\/strong><\/a> \u2013 szoci\u00e1lis h\u00e1l\u00f3<\/li>\n<\/ul>\n","protected":false},"excerpt":{"rendered":"<p>Classement \u2013 a m\u00e9lyen tisztelt vezet\u0151s\u00e9g La douceur du foyer \u2013 otthon, \u00e9des otthon Le D\u00e9rangement \u2013 amit a Rendr\u0151l tudni kell(ett volna) Lieux d&#8217;Int\u00e9r\u00eat \u2013 helyek Notre Genre \u2013 olyanok, mint mi Personnes d&#8217;Int\u00e9r\u00eat \u2013 az egyszer\u0171s\u00e9g kedv\u00e9\u00e9rt &#8222;emberek&#8221; Qui est Qui \u2013 szoci\u00e1lis h\u00e1l\u00f3<\/p>\n","protected":false},"author":2,"featured_media":0,"parent":0,"menu_order":0,"comment_status":"closed","ping_status":"closed","template":"","meta":{"footnotes":""},"class_list":["post-588","page","type-page","status-publish","hentry"],"_links":{"self":[{"href":"https:\/\/blog.icwt.hu\/ctl-paris\/wp-json\/wp\/v2\/pages\/588","targetHints":{"allow":["GET"]}}],"collection":[{"href":"https:\/\/blog.icwt.hu\/ctl-paris\/wp-json\/wp\/v2\/pages"}],"about":[{"href":"https:\/\/blog.icwt.hu\/ctl-paris\/wp-json\/wp\/v2\/types\/page"}],"author":[{"embeddable":true,"href":"https:\/\/blog.icwt.hu\/ctl-paris\/wp-json\/wp\/v2\/users\/2"}],"replies":[{"embeddable":true,"href":"https:\/\/blog.icwt.hu\/ctl-paris\/wp-json\/wp\/v2\/comments?post=588"}],"version-history":[{"count":0,"href":"https:\/\/blog.icwt.hu\/ctl-paris\/wp-json\/wp\/v2\/pages\/588\/revisions"}],"wp:attachment":[{"href":"https:\/\/blog.icwt.hu\/ctl-paris\/wp-json\/wp\/v2\/media?parent=588"}],"curies":[{"name":"wp","href":"https:\/\/api.w.org\/{rel}","templated":true}]}}